{"id":147,"date":"2020-02-25T10:03:48","date_gmt":"2020-02-25T09:03:48","guid":{"rendered":"http:\/\/sklepchristiana.pl\/?page_id=147"},"modified":"2022-04-26T20:17:19","modified_gmt":"2022-04-26T18:17:19","slug":"ksiazki","status":"publish","type":"page","link":"http:\/\/sklepchristiana.pl\/?page_id=147","title":{"rendered":"Ksi\u0105\u017cki"},"content":{"rendered":"\n<p>W sprzeda\u017cy:<\/p>\n\n\n\n<p>&#8211; Skarbce modlitw i pie\u015bni (komunijne, \u015blubne, z du\u017cym drukiem)<br>&#8211; modlitewniki\u00a0<br>&#8211; nowenny,  litanie <br>&#8211; Biblie (Tysi\u0105clecia) i Pisma \u015awi\u0119te\u00a0<br>&#8211; Biblie dla dzieci (kolorowe)\u00a0<br>&#8211; ksi\u0105\u017cki dla dzieci\u00a0<br>&#8211; ksi\u0105\u017cki religijne (Pelanowski, Pulikowski,\u00a0Chmielewski )\u00a0<br>&#8211; pami\u0105tkowe ksi\u0105\u017cki do wypisywania na narodziny dziecka\u00a0<br>&#8211; pami\u0105tki \u015blubne\u00a0<br>&#8211; pami\u0105tki\u00a0 do I Komunii \u015bwi\u0119tej\u00a0&#8211; ksi\u0105\u017ceczki upominkowe (pere\u0142ki)<\/p>\n\n\n<div id='gallery-1' class='gallery galleryid-147 gallery-columns-3 gallery-size-thumbnail'><figure class='gallery-item'>\n\t\t\t<div class='gallery-icon landscape'>\n\t\t\t\t<a href='http:\/\/sklepchristiana.pl\/?attachment_id=120'><img loading=\"lazy\" decoding=\"async\" width=\"150\" height=\"150\" src=\"http:\/\/sklepchristiana.pl\/wp-content\/uploads\/2020\/02\/PHOTO-2020-02-19-16-40-52-150x150.jpg\" class=\"attachment-thumbnail size-thumbnail\" alt=\"\" aria-describedby=\"gallery-1-120\" \/><\/a>\n\t\t\t<\/div>\n\t\t\t\t<figcaption class='wp-caption-text gallery-caption' id='gallery-1-120'>\n\t\t\t\tBiblie\n\t\t\t\t<\/figcaption><\/figure><figure class='gallery-item'>\n\t\t\t<div class='gallery-icon landscape'>\n\t\t\t\t<a href='http:\/\/sklepchristiana.pl\/?attachment_id=119'><img loading=\"lazy\" decoding=\"async\" width=\"150\" height=\"150\" src=\"http:\/\/sklepchristiana.pl\/wp-content\/uploads\/2020\/02\/PHOTO-2020-02-19-16-39-58-150x150.jpg\" class=\"attachment-thumbnail size-thumbnail\" alt=\"\" \/><\/a>\n\t\t\t<\/div><\/figure><figure class='gallery-item'>\n\t\t\t<div class='gallery-icon landscape'>\n\t\t\t\t<a href='http:\/\/sklepchristiana.pl\/?attachment_id=118'><img loading=\"lazy\" decoding=\"async\" width=\"150\" height=\"150\" src=\"http:\/\/sklepchristiana.pl\/wp-content\/uploads\/2020\/02\/PHOTO-2020-02-19-16-37-25-150x150.jpg\" class=\"attachment-thumbnail size-thumbnail\" alt=\"\" \/><\/a>\n\t\t\t<\/div><\/figure><figure class='gallery-item'>\n\t\t\t<div class='gallery-icon landscape'>\n\t\t\t\t<a href='http:\/\/sklepchristiana.pl\/?attachment_id=117'><img loading=\"lazy\" decoding=\"async\" width=\"150\" height=\"150\" src=\"http:\/\/sklepchristiana.pl\/wp-content\/uploads\/2020\/02\/PHOTO-2020-02-19-16-37-10-150x150.jpg\" class=\"attachment-thumbnail size-thumbnail\" alt=\"\" \/><\/a>\n\t\t\t<\/div><\/figure><figure class='gallery-item'>\n\t\t\t<div class='gallery-icon landscape'>\n\t\t\t\t<a href='http:\/\/sklepchristiana.pl\/?attachment_id=116'><img loading=\"lazy\" decoding=\"async\" width=\"150\" height=\"150\" src=\"http:\/\/sklepchristiana.pl\/wp-content\/uploads\/2020\/02\/PHOTO-2020-02-19-16-36-47-150x150.jpg\" class=\"attachment-thumbnail size-thumbnail\" alt=\"\" \/><\/a>\n\t\t\t<\/div><\/figure><figure class='gallery-item'>\n\t\t\t<div class='gallery-icon landscape'>\n\t\t\t\t<a href='http:\/\/sklepchristiana.pl\/?attachment_id=115'><img loading=\"lazy\" decoding=\"async\" width=\"150\" height=\"150\" src=\"http:\/\/sklepchristiana.pl\/wp-content\/uploads\/2020\/02\/PHOTO-2020-02-19-16-35-57-150x150.jpg\" class=\"attachment-thumbnail size-thumbnail\" alt=\"\" \/><\/a>\n\t\t\t<\/div><\/figure><figure class='gallery-item'>\n\t\t\t<div class='gallery-icon landscape'>\n\t\t\t\t<a href='http:\/\/sklepchristiana.pl\/?attachment_id=114'><img loading=\"lazy\" decoding=\"async\" width=\"150\" height=\"150\" src=\"http:\/\/sklepchristiana.pl\/wp-content\/uploads\/2020\/02\/PHOTO-2020-02-19-16-34-59-150x150.jpg\" class=\"attachment-thumbnail size-thumbnail\" alt=\"\" \/><\/a>\n\t\t\t<\/div><\/figure><figure class='gallery-item'>\n\t\t\t<div class='gallery-icon landscape'>\n\t\t\t\t<a href='http:\/\/sklepchristiana.pl\/?attachment_id=113'><img loading=\"lazy\" decoding=\"async\" width=\"150\" height=\"150\" src=\"http:\/\/sklepchristiana.pl\/wp-content\/uploads\/2020\/02\/PHOTO-2020-02-19-16-33-51-150x150.jpg\" class=\"attachment-thumbnail size-thumbnail\" alt=\"\" \/><\/a>\n\t\t\t<\/div><\/figure><figure class='gallery-item'>\n\t\t\t<div class='gallery-icon landscape'>\n\t\t\t\t<a href='http:\/\/sklepchristiana.pl\/?attachment_id=112'><img loading=\"lazy\" decoding=\"async\" width=\"150\" height=\"150\" src=\"http:\/\/sklepchristiana.pl\/wp-content\/uploads\/2020\/02\/PHOTO-2020-02-19-16-33-20-150x150.jpg\" class=\"attachment-thumbnail size-thumbnail\" alt=\"\" \/><\/a>\n\t\t\t<\/div><\/figure><figure class='gallery-item'>\n\t\t\t<div class='gallery-icon landscape'>\n\t\t\t\t<a href='http:\/\/sklepchristiana.pl\/?attachment_id=111'><img loading=\"lazy\" decoding=\"async\" width=\"150\" height=\"150\" src=\"http:\/\/sklepchristiana.pl\/wp-content\/uploads\/2020\/02\/PHOTO-2020-02-19-16-30-28-150x150.jpg\" class=\"attachment-thumbnail size-thumbnail\" alt=\"\" \/><\/a>\n\t\t\t<\/div><\/figure><figure class='gallery-item'>\n\t\t\t<div class='gallery-icon landscape'>\n\t\t\t\t<a href='http:\/\/sklepchristiana.pl\/?attachment_id=109'><img loading=\"lazy\" decoding=\"async\" width=\"150\" height=\"150\" src=\"http:\/\/sklepchristiana.pl\/wp-content\/uploads\/2020\/02\/PHOTO-2020-02-19-16-29-52-150x150.jpg\" class=\"attachment-thumbnail size-thumbnail\" alt=\"\" \/><\/a>\n\t\t\t<\/div><\/figure><figure class='gallery-item'>\n\t\t\t<div class='gallery-icon landscape'>\n\t\t\t\t<a href='http:\/\/sklepchristiana.pl\/?attachment_id=110'><img loading=\"lazy\" decoding=\"async\" width=\"150\" height=\"150\" src=\"http:\/\/sklepchristiana.pl\/wp-content\/uploads\/2020\/02\/PHOTO-2020-02-19-16-30-16-150x150.jpg\" class=\"attachment-thumbnail size-thumbnail\" alt=\"\" \/><\/a>\n\t\t\t<\/div><\/figure><figure class='gallery-item'>\n\t\t\t<div class='gallery-icon portrait'>\n\t\t\t\t<a href='http:\/\/sklepchristiana.pl\/?attachment_id=108'><img loading=\"lazy\" decoding=\"async\" width=\"150\" height=\"150\" src=\"http:\/\/sklepchristiana.pl\/wp-content\/uploads\/2020\/02\/PHOTO-2020-02-19-16-29-42-150x150.jpg\" class=\"attachment-thumbnail size-thumbnail\" alt=\"\" \/><\/a>\n\t\t\t<\/div><\/figure><figure class='gallery-item'>\n\t\t\t<div class='gallery-icon portrait'>\n\t\t\t\t<a href='http:\/\/sklepchristiana.pl\/?attachment_id=107'><img loading=\"lazy\" decoding=\"async\" width=\"150\" height=\"150\" src=\"http:\/\/sklepchristiana.pl\/wp-content\/uploads\/2020\/02\/PHOTO-2020-02-19-16-29-28-150x150.jpg\" class=\"attachment-thumbnail size-thumbnail\" alt=\"\" \/><\/a>\n\t\t\t<\/div><\/figure><figure class='gallery-item'>\n\t\t\t<div class='gallery-icon portrait'>\n\t\t\t\t<a href='http:\/\/sklepchristiana.pl\/?attachment_id=106'><img loading=\"lazy\" decoding=\"async\" width=\"150\" height=\"150\" src=\"http:\/\/sklepchristiana.pl\/wp-content\/uploads\/2020\/02\/PHOTO-2020-02-19-16-29-15-150x150.jpg\" class=\"attachment-thumbnail size-thumbnail\" alt=\"\" \/><\/a>\n\t\t\t<\/div><\/figure><figure class='gallery-item'>\n\t\t\t<div class='gallery-icon landscape'>\n\t\t\t\t<a href='http:\/\/sklepchristiana.pl\/?attachment_id=105'><img loading=\"lazy\" decoding=\"async\" width=\"150\" height=\"150\" src=\"http:\/\/sklepchristiana.pl\/wp-content\/uploads\/2020\/02\/PHOTO-2020-02-19-16-28-59-150x150.jpg\" class=\"attachment-thumbnail size-thumbnail\" alt=\"\" \/><\/a>\n\t\t\t<\/div><\/figure><figure class='gallery-item'>\n\t\t\t<div class='gallery-icon landscape'>\n\t\t\t\t<a href='http:\/\/sklepchristiana.pl\/?attachment_id=104'><img loading=\"lazy\" decoding=\"async\" width=\"150\" height=\"150\" src=\"http:\/\/sklepchristiana.pl\/wp-content\/uploads\/2020\/02\/PHOTO-2020-02-19-16-28-40-150x150.jpg\" class=\"attachment-thumbnail size-thumbnail\" alt=\"\" \/><\/a>\n\t\t\t<\/div><\/figure><figure class='gallery-item'>\n\t\t\t<div class='gallery-icon landscape'>\n\t\t\t\t<a href='http:\/\/sklepchristiana.pl\/?attachment_id=103'><img loading=\"lazy\" decoding=\"async\" width=\"150\" height=\"150\" src=\"http:\/\/sklepchristiana.pl\/wp-content\/uploads\/2020\/02\/PHOTO-2020-02-19-16-28-37-150x150.jpg\" class=\"attachment-thumbnail size-thumbnail\" alt=\"\" \/><\/a>\n\t\t\t<\/div><\/figure><figure class='gallery-item'>\n\t\t\t<div class='gallery-icon landscape'>\n\t\t\t\t<a href='http:\/\/sklepchristiana.pl\/?attachment_id=102'><img loading=\"lazy\" decoding=\"async\" width=\"150\" height=\"150\" src=\"http:\/\/sklepchristiana.pl\/wp-content\/uploads\/2020\/02\/PHOTO-2020-02-19-16-28-36-150x150.jpg\" class=\"attachment-thumbnail size-thumbnail\" alt=\"\" \/><\/a>\n\t\t\t<\/div><\/figure>\n\t\t<\/div>\n\n\n\n<figure class=\"wp-block-gallery has-nested-images columns-default is-cropped wp-block-gallery-1 is-layout-flex wp-block-gallery-is-layout-flex\">\n<figure class=\"wp-block-image size-large\"><img loading=\"lazy\" decoding=\"async\" width=\"1024\" height=\"757\" data-id=\"508\" src=\"http:\/\/sklepchristiana.pl\/wp-content\/uploads\/2022\/04\/20220320_092538-1024x757.jpg\" alt=\"\" class=\"wp-image-508\" srcset=\"http:\/\/sklepchristiana.pl\/wp-content\/uploads\/2022\/04\/20220320_092538-1024x757.jpg 1024w, http:\/\/sklepchristiana.pl\/wp-content\/uploads\/2022\/04\/20220320_092538-300x222.jpg 300w, http:\/\/sklepchristiana.pl\/wp-content\/uploads\/2022\/04\/20220320_092538-768x568.jpg 768w, http:\/\/sklepchristiana.pl\/wp-content\/uploads\/2022\/04\/20220320_092538-1536x1135.jpg 1536w, http:\/\/sklepchristiana.pl\/wp-content\/uploads\/2022\/04\/20220320_092538-2048x1514.jpg 2048w\" sizes=\"auto, (max-width: 1024px) 100vw, 1024px\" \/><\/figure>\n\n\n\n<figure class=\"wp-block-image size-large\"><img loading=\"lazy\" decoding=\"async\" width=\"1024\" height=\"461\" data-id=\"510\" src=\"http:\/\/sklepchristiana.pl\/wp-content\/uploads\/2022\/04\/20220320_092754-1024x461.jpg\" alt=\"\" class=\"wp-image-510\" srcset=\"http:\/\/sklepchristiana.pl\/wp-content\/uploads\/2022\/04\/20220320_092754-1024x461.jpg 1024w, http:\/\/sklepchristiana.pl\/wp-content\/uploads\/2022\/04\/20220320_092754-300x135.jpg 300w, http:\/\/sklepchristiana.pl\/wp-content\/uploads\/2022\/04\/20220320_092754-768x346.jpg 768w, http:\/\/sklepchristiana.pl\/wp-content\/uploads\/2022\/04\/20220320_092754-1536x691.jpg 1536w, http:\/\/sklepchristiana.pl\/wp-content\/uploads\/2022\/04\/20220320_092754-2048x922.jpg 2048w\" sizes=\"auto, (max-width: 1024px) 100vw, 1024px\" \/><\/figure>\n\n\n\n<figure class=\"wp-block-image size-large\"><img loading=\"lazy\" decoding=\"async\" width=\"1024\" height=\"461\" data-id=\"509\" src=\"http:\/\/sklepchristiana.pl\/wp-content\/uploads\/2022\/04\/20220320_092822-1024x461.jpg\" alt=\"\" class=\"wp-image-509\" srcset=\"http:\/\/sklepchristiana.pl\/wp-content\/uploads\/2022\/04\/20220320_092822-1024x461.jpg 1024w, http:\/\/sklepchristiana.pl\/wp-content\/uploads\/2022\/04\/20220320_092822-300x135.jpg 300w, http:\/\/sklepchristiana.pl\/wp-content\/uploads\/2022\/04\/20220320_092822-768x346.jpg 768w, http:\/\/sklepchristiana.pl\/wp-content\/uploads\/2022\/04\/20220320_092822-1536x691.jpg 1536w, http:\/\/sklepchristiana.pl\/wp-content\/uploads\/2022\/04\/20220320_092822-2048x922.jpg 2048w\" sizes=\"auto, (max-width: 1024px) 100vw, 1024px\" \/><\/figure>\n\n\n\n<figure class=\"wp-block-image size-large\"><img loading=\"lazy\" decoding=\"async\" width=\"1024\" height=\"461\" data-id=\"511\" src=\"http:\/\/sklepchristiana.pl\/wp-content\/uploads\/2022\/04\/20220320_094712-1024x461.jpg\" alt=\"\" class=\"wp-image-511\" srcset=\"http:\/\/sklepchristiana.pl\/wp-content\/uploads\/2022\/04\/20220320_094712-1024x461.jpg 1024w, http:\/\/sklepchristiana.pl\/wp-content\/uploads\/2022\/04\/20220320_094712-300x135.jpg 300w, http:\/\/sklepchristiana.pl\/wp-content\/uploads\/2022\/04\/20220320_094712-768x346.jpg 768w, http:\/\/sklepchristiana.pl\/wp-content\/uploads\/2022\/04\/20220320_094712-1536x691.jpg 1536w, http:\/\/sklepchristiana.pl\/wp-content\/uploads\/2022\/04\/20220320_094712-2048x922.jpg 2048w\" sizes=\"auto, (max-width: 1024px) 100vw, 1024px\" \/><\/figure>\n<\/figure>\n","protected":false},"excerpt":{"rendered":"<p>W sprzeda\u017cy: &#8211; Skarbce modlitw i pie\u015bni (komunijne, \u015blubne, z du\u017cym drukiem)&#8211; modlitewniki\u00a0&#8211; nowenny, litanie &#8211; Biblie (Tysi\u0105clecia) i Pisma \u015awi\u0119te\u00a0&#8211; Biblie dla dzieci (kolorowe)\u00a0&#8211; ksi\u0105\u017cki dla dzieci\u00a0&#8211; ksi\u0105\u017cki religijne (Pelanowski, Pulikowski,\u00a0Chmielewski )\u00a0&#8211; pami\u0105tkowe ksi\u0105\u017cki do wypisywania na narodziny dziecka\u00a0&#8211; pami\u0105tki \u015blubne\u00a0&#8211; pami\u0105tki\u00a0 do I Komunii \u015bwi\u0119tej\u00a0&#8211; ksi\u0105\u017ceczki upominkowe (pere\u0142ki)<\/p>\n","protected":false},"author":1,"featured_media":0,"parent":152,"menu_order":0,"comment_status":"closed","ping_status":"closed","template":"","meta":{"footnotes":""},"class_list":["post-147","page","type-page","status-publish","hentry"],"_links":{"self":[{"href":"http:\/\/sklepchristiana.pl\/index.php?rest_route=\/wp\/v2\/pages\/147","targetHints":{"allow":["GET"]}}],"collection":[{"href":"http:\/\/sklepchristiana.pl\/index.php?rest_route=\/wp\/v2\/pages"}],"about":[{"href":"http:\/\/sklepchristiana.pl\/index.php?rest_route=\/wp\/v2\/types\/page"}],"author":[{"embeddable":true,"href":"http:\/\/sklepchristiana.pl\/index.php?rest_route=\/wp\/v2\/users\/1"}],"replies":[{"embeddable":true,"href":"http:\/\/sklepchristiana.pl\/index.php?rest_route=%2Fwp%2Fv2%2Fcomments&post=147"}],"version-history":[{"count":11,"href":"http:\/\/sklepchristiana.pl\/index.php?rest_route=\/wp\/v2\/pages\/147\/revisions"}],"predecessor-version":[{"id":516,"href":"http:\/\/sklepchristiana.pl\/index.php?rest_route=\/wp\/v2\/pages\/147\/revisions\/516"}],"up":[{"embeddable":true,"href":"http:\/\/sklepchristiana.pl\/index.php?rest_route=\/wp\/v2\/pages\/152"}],"wp:attachment":[{"href":"http:\/\/sklepchristiana.pl\/index.php?rest_route=%2Fwp%2Fv2%2Fmedia&parent=147"}],"curies":[{"name":"wp","href":"https:\/\/api.w.org\/{rel}","templated":true}]}}