{"id":39,"date":"2020-02-25T08:56:21","date_gmt":"2020-02-25T07:56:21","guid":{"rendered":"http:\/\/sklepchristiana.pl\/?page_id=39"},"modified":"2020-03-09T13:53:14","modified_gmt":"2020-03-09T12:53:14","slug":"bizuteria-srebrna","status":"publish","type":"page","link":"http:\/\/sklepchristiana.pl\/?page_id=39","title":{"rendered":"Bi\u017cuteria srebrna"},"content":{"rendered":"<div dir=\"auto\"><strong>W sprzeda\u017cy wyroby srebrne pr\u00f3by 925:<\/strong><\/div>\n<div dir=\"auto\"><\/div>\n<div dir=\"auto\">&#8211; \u0142a\u0144cuszki r\u00f3\u017cne sploty i d\u0142ugo\u015bci<\/div>\n<div dir=\"auto\">&#8211; medaliki<\/div>\n<div dir=\"auto\">&#8211; krzy\u017cyki<\/div>\n<div dir=\"auto\">&#8211; kolczyki<\/div>\n<div dir=\"auto\">&#8211; komplety (zawieszka +kolczyki )<\/div>\n<div dir=\"auto\">&#8211; r\u00f3\u017ca\u0144ce na palec<\/div>\n<div dir=\"auto\">&#8211; bransoletki<\/div>\n<div dir=\"auto\">&#8211; bransoletki r\u00f3\u017ca\u0144ce<\/div>\n<div dir=\"auto\"><\/div>\n<div dir=\"auto\"><\/div>\n<div dir=\"auto\">\n<div id='gallery-1' class='gallery galleryid-39 gallery-columns-3 gallery-size-thumbnail'><figure class='gallery-item'>\n\t\t\t<div class='gallery-icon landscape'>\n\t\t\t\t<a href='http:\/\/sklepchristiana.pl\/?attachment_id=200'><img loading=\"lazy\" decoding=\"async\" width=\"150\" height=\"150\" src=\"http:\/\/sklepchristiana.pl\/wp-content\/uploads\/2020\/02\/PHOTO-2020-03-09-12-37-15-150x150.jpg\" class=\"attachment-thumbnail size-thumbnail\" alt=\"\" \/><\/a>\n\t\t\t<\/div><\/figure><figure class='gallery-item'>\n\t\t\t<div class='gallery-icon landscape'>\n\t\t\t\t<a href='http:\/\/sklepchristiana.pl\/?attachment_id=201'><img loading=\"lazy\" decoding=\"async\" width=\"150\" height=\"150\" src=\"http:\/\/sklepchristiana.pl\/wp-content\/uploads\/2020\/02\/PHOTO-2020-03-09-12-37-17-150x150.jpg\" class=\"attachment-thumbnail size-thumbnail\" alt=\"\" \/><\/a>\n\t\t\t<\/div><\/figure><figure class='gallery-item'>\n\t\t\t<div class='gallery-icon landscape'>\n\t\t\t\t<a href='http:\/\/sklepchristiana.pl\/?attachment_id=202'><img loading=\"lazy\" decoding=\"async\" width=\"150\" height=\"150\" src=\"http:\/\/sklepchristiana.pl\/wp-content\/uploads\/2020\/02\/PHOTO-2020-03-09-12-37-55-150x150.jpg\" class=\"attachment-thumbnail size-thumbnail\" alt=\"\" \/><\/a>\n\t\t\t<\/div><\/figure><figure class='gallery-item'>\n\t\t\t<div class='gallery-icon landscape'>\n\t\t\t\t<a href='http:\/\/sklepchristiana.pl\/?attachment_id=203'><img loading=\"lazy\" decoding=\"async\" width=\"150\" height=\"150\" src=\"http:\/\/sklepchristiana.pl\/wp-content\/uploads\/2020\/02\/PHOTO-2020-03-09-12-38-08-150x150.jpg\" class=\"attachment-thumbnail size-thumbnail\" alt=\"\" \/><\/a>\n\t\t\t<\/div><\/figure><figure class='gallery-item'>\n\t\t\t<div class='gallery-icon landscape'>\n\t\t\t\t<a href='http:\/\/sklepchristiana.pl\/?attachment_id=204'><img loading=\"lazy\" decoding=\"async\" width=\"150\" height=\"150\" src=\"http:\/\/sklepchristiana.pl\/wp-content\/uploads\/2020\/02\/PHOTO-2020-03-09-12-39-27-150x150.jpg\" class=\"attachment-thumbnail size-thumbnail\" alt=\"\" \/><\/a>\n\t\t\t<\/div><\/figure><figure class='gallery-item'>\n\t\t\t<div class='gallery-icon landscape'>\n\t\t\t\t<a href='http:\/\/sklepchristiana.pl\/?attachment_id=205'><img loading=\"lazy\" decoding=\"async\" width=\"150\" height=\"150\" src=\"http:\/\/sklepchristiana.pl\/wp-content\/uploads\/2020\/02\/PHOTO-2020-03-09-12-39-36-150x150.jpg\" class=\"attachment-thumbnail size-thumbnail\" alt=\"\" \/><\/a>\n\t\t\t<\/div><\/figure><figure class='gallery-item'>\n\t\t\t<div class='gallery-icon landscape'>\n\t\t\t\t<a href='http:\/\/sklepchristiana.pl\/?attachment_id=206'><img loading=\"lazy\" decoding=\"async\" width=\"150\" height=\"150\" src=\"http:\/\/sklepchristiana.pl\/wp-content\/uploads\/2020\/02\/PHOTO-2020-03-09-12-40-53-150x150.jpg\" class=\"attachment-thumbnail size-thumbnail\" alt=\"\" \/><\/a>\n\t\t\t<\/div><\/figure><figure class='gallery-item'>\n\t\t\t<div class='gallery-icon landscape'>\n\t\t\t\t<a href='http:\/\/sklepchristiana.pl\/?attachment_id=207'><img loading=\"lazy\" decoding=\"async\" width=\"150\" height=\"150\" src=\"http:\/\/sklepchristiana.pl\/wp-content\/uploads\/2020\/02\/PHOTO-2020-03-09-12-41-04-150x150.jpg\" class=\"attachment-thumbnail size-thumbnail\" alt=\"\" \/><\/a>\n\t\t\t<\/div><\/figure><figure class='gallery-item'>\n\t\t\t<div class='gallery-icon landscape'>\n\t\t\t\t<a href='http:\/\/sklepchristiana.pl\/?attachment_id=208'><img loading=\"lazy\" decoding=\"async\" width=\"150\" height=\"150\" src=\"http:\/\/sklepchristiana.pl\/wp-content\/uploads\/2020\/02\/PHOTO-2020-03-09-12-33-46-150x150.jpg\" class=\"attachment-thumbnail size-thumbnail\" alt=\"\" \/><\/a>\n\t\t\t<\/div><\/figure><figure class='gallery-item'>\n\t\t\t<div class='gallery-icon landscape'>\n\t\t\t\t<a href='http:\/\/sklepchristiana.pl\/?attachment_id=209'><img loading=\"lazy\" decoding=\"async\" width=\"150\" height=\"150\" src=\"http:\/\/sklepchristiana.pl\/wp-content\/uploads\/2020\/02\/PHOTO-2020-03-09-12-33-59-150x150.jpg\" class=\"attachment-thumbnail size-thumbnail\" alt=\"\" \/><\/a>\n\t\t\t<\/div><\/figure><figure class='gallery-item'>\n\t\t\t<div class='gallery-icon portrait'>\n\t\t\t\t<a href='http:\/\/sklepchristiana.pl\/?attachment_id=210'><img loading=\"lazy\" decoding=\"async\" width=\"150\" height=\"150\" src=\"http:\/\/sklepchristiana.pl\/wp-content\/uploads\/2020\/02\/PHOTO-2020-03-09-12-34-21-150x150.jpg\" class=\"attachment-thumbnail size-thumbnail\" alt=\"\" \/><\/a>\n\t\t\t<\/div><\/figure><figure class='gallery-item'>\n\t\t\t<div class='gallery-icon landscape'>\n\t\t\t\t<a href='http:\/\/sklepchristiana.pl\/?attachment_id=211'><img loading=\"lazy\" decoding=\"async\" width=\"150\" height=\"150\" src=\"http:\/\/sklepchristiana.pl\/wp-content\/uploads\/2020\/02\/PHOTO-2020-03-09-12-34-38-150x150.jpg\" class=\"attachment-thumbnail size-thumbnail\" alt=\"\" \/><\/a>\n\t\t\t<\/div><\/figure><figure class='gallery-item'>\n\t\t\t<div class='gallery-icon landscape'>\n\t\t\t\t<a href='http:\/\/sklepchristiana.pl\/?attachment_id=212'><img loading=\"lazy\" decoding=\"async\" width=\"150\" height=\"150\" src=\"http:\/\/sklepchristiana.pl\/wp-content\/uploads\/2020\/02\/PHOTO-2020-03-09-12-35-14-150x150.jpg\" class=\"attachment-thumbnail size-thumbnail\" alt=\"\" \/><\/a>\n\t\t\t<\/div><\/figure><figure class='gallery-item'>\n\t\t\t<div class='gallery-icon portrait'>\n\t\t\t\t<a href='http:\/\/sklepchristiana.pl\/?attachment_id=213'><img loading=\"lazy\" decoding=\"async\" width=\"150\" height=\"150\" src=\"http:\/\/sklepchristiana.pl\/wp-content\/uploads\/2020\/02\/PHOTO-2020-03-09-12-35-42-150x150.jpg\" class=\"attachment-thumbnail size-thumbnail\" alt=\"\" \/><\/a>\n\t\t\t<\/div><\/figure><figure class='gallery-item'>\n\t\t\t<div class='gallery-icon portrait'>\n\t\t\t\t<a href='http:\/\/sklepchristiana.pl\/?attachment_id=214'><img loading=\"lazy\" decoding=\"async\" width=\"150\" height=\"150\" src=\"http:\/\/sklepchristiana.pl\/wp-content\/uploads\/2020\/02\/PHOTO-2020-03-09-12-35-54-150x150.jpg\" class=\"attachment-thumbnail size-thumbnail\" alt=\"\" \/><\/a>\n\t\t\t<\/div><\/figure><figure class='gallery-item'>\n\t\t\t<div class='gallery-icon portrait'>\n\t\t\t\t<a href='http:\/\/sklepchristiana.pl\/?attachment_id=215'><img loading=\"lazy\" decoding=\"async\" width=\"150\" height=\"150\" src=\"http:\/\/sklepchristiana.pl\/wp-content\/uploads\/2020\/02\/PHOTO-2020-03-09-12-36-07-150x150.jpg\" class=\"attachment-thumbnail size-thumbnail\" alt=\"\" \/><\/a>\n\t\t\t<\/div><\/figure><figure class='gallery-item'>\n\t\t\t<div class='gallery-icon landscape'>\n\t\t\t\t<a href='http:\/\/sklepchristiana.pl\/?attachment_id=216'><img loading=\"lazy\" decoding=\"async\" width=\"150\" height=\"150\" src=\"http:\/\/sklepchristiana.pl\/wp-content\/uploads\/2020\/02\/PHOTO-2020-03-09-12-36-42-150x150.jpg\" class=\"attachment-thumbnail size-thumbnail\" alt=\"\" \/><\/a>\n\t\t\t<\/div><\/figure>\n\t\t<\/div>\n\n<\/div>\n","protected":false},"excerpt":{"rendered":"<p>W sprzeda\u017cy wyroby srebrne pr\u00f3by 925: &#8211; \u0142a\u0144cuszki r\u00f3\u017cne sploty i d\u0142ugo\u015bci &#8211; medaliki &#8211; krzy\u017cyki &#8211; kolczyki &#8211; komplety (zawieszka +kolczyki ) &#8211; r\u00f3\u017ca\u0144ce na palec &#8211; bransoletki &#8211; bransoletki r\u00f3\u017ca\u0144ce<\/p>\n","protected":false},"author":1,"featured_media":0,"parent":152,"menu_order":0,"comment_status":"closed","ping_status":"closed","template":"","meta":{"footnotes":""},"class_list":["post-39","page","type-page","status-publish","hentry"],"_links":{"self":[{"href":"http:\/\/sklepchristiana.pl\/index.php?rest_route=\/wp\/v2\/pages\/39","targetHints":{"allow":["GET"]}}],"collection":[{"href":"http:\/\/sklepchristiana.pl\/index.php?rest_route=\/wp\/v2\/pages"}],"about":[{"href":"http:\/\/sklepchristiana.pl\/index.php?rest_route=\/wp\/v2\/types\/page"}],"author":[{"embeddable":true,"href":"http:\/\/sklepchristiana.pl\/index.php?rest_route=\/wp\/v2\/users\/1"}],"replies":[{"embeddable":true,"href":"http:\/\/sklepchristiana.pl\/index.php?rest_route=%2Fwp%2Fv2%2Fcomments&post=39"}],"version-history":[{"count":7,"href":"http:\/\/sklepchristiana.pl\/index.php?rest_route=\/wp\/v2\/pages\/39\/revisions"}],"predecessor-version":[{"id":338,"href":"http:\/\/sklepchristiana.pl\/index.php?rest_route=\/wp\/v2\/pages\/39\/revisions\/338"}],"up":[{"embeddable":true,"href":"http:\/\/sklepchristiana.pl\/index.php?rest_route=\/wp\/v2\/pages\/152"}],"wp:attachment":[{"href":"http:\/\/sklepchristiana.pl\/index.php?rest_route=%2Fwp%2Fv2%2Fmedia&parent=39"}],"curies":[{"name":"wp","href":"https:\/\/api.w.org\/{rel}","templated":true}]}}