{"id":46,"date":"2020-02-25T08:57:03","date_gmt":"2020-02-25T07:57:03","guid":{"rendered":"http:\/\/sklepchristiana.pl\/?page_id=46"},"modified":"2022-04-28T13:41:19","modified_gmt":"2022-04-28T11:41:19","slug":"kalendarze","status":"publish","type":"page","link":"http:\/\/sklepchristiana.pl\/?page_id=46","title":{"rendered":"Kalendarze"},"content":{"rendered":"\n<p><\/p>\n\n\n\n<p>W sprzeda\u017cy kalendarze:<\/p>\n\n\n\n<ul class=\"wp-block-list\"><li>jednokartkowe katolickie<\/li><li>plakatowe<\/li><li>biurkowe<\/li><li>zdzierane<\/li><li>G\u00f3ry,  Bukiety , Krajobrazy<\/li><li>terminarze z Edycji Pauli\u0144skiej<\/li><li>kieszonkowe<\/li><\/ul>\n\n\n\n<figure class=\"wp-block-gallery has-nested-images columns-default is-cropped wp-block-gallery-1 is-layout-flex wp-block-gallery-is-layout-flex\">\n<figure class=\"wp-block-image size-large\"><img loading=\"lazy\" decoding=\"async\" width=\"664\" height=\"1024\" data-id=\"642\" src=\"http:\/\/sklepchristiana.pl\/wp-content\/uploads\/2022\/04\/20211106_100647-664x1024.jpg\" alt=\"\" class=\"wp-image-642\" srcset=\"http:\/\/sklepchristiana.pl\/wp-content\/uploads\/2022\/04\/20211106_100647-664x1024.jpg 664w, http:\/\/sklepchristiana.pl\/wp-content\/uploads\/2022\/04\/20211106_100647-195x300.jpg 195w, http:\/\/sklepchristiana.pl\/wp-content\/uploads\/2022\/04\/20211106_100647-768x1184.jpg 768w, http:\/\/sklepchristiana.pl\/wp-content\/uploads\/2022\/04\/20211106_100647-996x1536.jpg 996w, http:\/\/sklepchristiana.pl\/wp-content\/uploads\/2022\/04\/20211106_100647-1328x2048.jpg 1328w, http:\/\/sklepchristiana.pl\/wp-content\/uploads\/2022\/04\/20211106_100647-scaled.jpg 1660w\" sizes=\"auto, (max-width: 664px) 100vw, 664px\" \/><\/figure>\n\n\n\n<figure class=\"wp-block-image size-large\"><img loading=\"lazy\" decoding=\"async\" width=\"593\" height=\"1024\" data-id=\"647\" src=\"http:\/\/sklepchristiana.pl\/wp-content\/uploads\/2022\/04\/20211106_100729-593x1024.jpg\" alt=\"\" class=\"wp-image-647\" srcset=\"http:\/\/sklepchristiana.pl\/wp-content\/uploads\/2022\/04\/20211106_100729-593x1024.jpg 593w, http:\/\/sklepchristiana.pl\/wp-content\/uploads\/2022\/04\/20211106_100729-174x300.jpg 174w, http:\/\/sklepchristiana.pl\/wp-content\/uploads\/2022\/04\/20211106_100729-768x1327.jpg 768w, http:\/\/sklepchristiana.pl\/wp-content\/uploads\/2022\/04\/20211106_100729-889x1536.jpg 889w, http:\/\/sklepchristiana.pl\/wp-content\/uploads\/2022\/04\/20211106_100729-1186x2048.jpg 1186w, http:\/\/sklepchristiana.pl\/wp-content\/uploads\/2022\/04\/20211106_100729-scaled.jpg 1482w\" sizes=\"auto, (max-width: 593px) 100vw, 593px\" \/><\/figure>\n\n\n\n<figure class=\"wp-block-image size-large\"><img loading=\"lazy\" decoding=\"async\" width=\"650\" height=\"1024\" data-id=\"644\" src=\"http:\/\/sklepchristiana.pl\/wp-content\/uploads\/2022\/04\/20211106_100736-650x1024.jpg\" alt=\"\" class=\"wp-image-644\" srcset=\"http:\/\/sklepchristiana.pl\/wp-content\/uploads\/2022\/04\/20211106_100736-650x1024.jpg 650w, http:\/\/sklepchristiana.pl\/wp-content\/uploads\/2022\/04\/20211106_100736-190x300.jpg 190w, http:\/\/sklepchristiana.pl\/wp-content\/uploads\/2022\/04\/20211106_100736-768x1210.jpg 768w, http:\/\/sklepchristiana.pl\/wp-content\/uploads\/2022\/04\/20211106_100736-975x1536.jpg 975w, http:\/\/sklepchristiana.pl\/wp-content\/uploads\/2022\/04\/20211106_100736-1299x2048.jpg 1299w, http:\/\/sklepchristiana.pl\/wp-content\/uploads\/2022\/04\/20211106_100736-scaled.jpg 1624w\" sizes=\"auto, (max-width: 650px) 100vw, 650px\" \/><\/figure>\n\n\n\n<figure class=\"wp-block-image size-large\"><img loading=\"lazy\" decoding=\"async\" width=\"680\" height=\"1024\" data-id=\"645\" src=\"http:\/\/sklepchristiana.pl\/wp-content\/uploads\/2022\/04\/20211106_100758-680x1024.jpg\" alt=\"\" class=\"wp-image-645\" srcset=\"http:\/\/sklepchristiana.pl\/wp-content\/uploads\/2022\/04\/20211106_100758-680x1024.jpg 680w, http:\/\/sklepchristiana.pl\/wp-content\/uploads\/2022\/04\/20211106_100758-199x300.jpg 199w, http:\/\/sklepchristiana.pl\/wp-content\/uploads\/2022\/04\/20211106_100758-768x1156.jpg 768w, http:\/\/sklepchristiana.pl\/wp-content\/uploads\/2022\/04\/20211106_100758-1020x1536.jpg 1020w, http:\/\/sklepchristiana.pl\/wp-content\/uploads\/2022\/04\/20211106_100758-1360x2048.jpg 1360w, http:\/\/sklepchristiana.pl\/wp-content\/uploads\/2022\/04\/20211106_100758-scaled.jpg 1700w\" sizes=\"auto, (max-width: 680px) 100vw, 680px\" \/><\/figure>\n\n\n\n<figure class=\"wp-block-image size-large\"><img loading=\"lazy\" decoding=\"async\" width=\"676\" height=\"1024\" data-id=\"646\" src=\"http:\/\/sklepchristiana.pl\/wp-content\/uploads\/2022\/04\/20211106_100809-676x1024.jpg\" alt=\"\" class=\"wp-image-646\" srcset=\"http:\/\/sklepchristiana.pl\/wp-content\/uploads\/2022\/04\/20211106_100809-676x1024.jpg 676w, http:\/\/sklepchristiana.pl\/wp-content\/uploads\/2022\/04\/20211106_100809-198x300.jpg 198w, http:\/\/sklepchristiana.pl\/wp-content\/uploads\/2022\/04\/20211106_100809-768x1163.jpg 768w, http:\/\/sklepchristiana.pl\/wp-content\/uploads\/2022\/04\/20211106_100809-1014x1536.jpg 1014w, http:\/\/sklepchristiana.pl\/wp-content\/uploads\/2022\/04\/20211106_100809-1352x2048.jpg 1352w, http:\/\/sklepchristiana.pl\/wp-content\/uploads\/2022\/04\/20211106_100809-scaled.jpg 1690w\" sizes=\"auto, (max-width: 676px) 100vw, 676px\" \/><\/figure>\n\n\n\n<figure class=\"wp-block-image size-large\"><img loading=\"lazy\" decoding=\"async\" width=\"700\" height=\"1024\" data-id=\"648\" src=\"http:\/\/sklepchristiana.pl\/wp-content\/uploads\/2022\/04\/20211106_100813-700x1024.jpg\" alt=\"\" class=\"wp-image-648\" srcset=\"http:\/\/sklepchristiana.pl\/wp-content\/uploads\/2022\/04\/20211106_100813-700x1024.jpg 700w, http:\/\/sklepchristiana.pl\/wp-content\/uploads\/2022\/04\/20211106_100813-205x300.jpg 205w, http:\/\/sklepchristiana.pl\/wp-content\/uploads\/2022\/04\/20211106_100813-768x1123.jpg 768w, http:\/\/sklepchristiana.pl\/wp-content\/uploads\/2022\/04\/20211106_100813-1050x1536.jpg 1050w, http:\/\/sklepchristiana.pl\/wp-content\/uploads\/2022\/04\/20211106_100813-1401x2048.jpg 1401w, http:\/\/sklepchristiana.pl\/wp-content\/uploads\/2022\/04\/20211106_100813-scaled.jpg 1751w\" sizes=\"auto, (max-width: 700px) 100vw, 700px\" \/><\/figure>\n<\/figure>\n\n\n\n<figure class=\"wp-block-gallery has-nested-images columns-default is-cropped wp-block-gallery-2 is-layout-flex wp-block-gallery-is-layout-flex\">\n<figure class=\"wp-block-image size-large\"><img loading=\"lazy\" decoding=\"async\" width=\"1024\" height=\"461\" data-id=\"649\" src=\"http:\/\/sklepchristiana.pl\/wp-content\/uploads\/2022\/04\/20211106_100844-1024x461.jpg\" alt=\"\" class=\"wp-image-649\" srcset=\"http:\/\/sklepchristiana.pl\/wp-content\/uploads\/2022\/04\/20211106_100844-1024x461.jpg 1024w, http:\/\/sklepchristiana.pl\/wp-content\/uploads\/2022\/04\/20211106_100844-300x135.jpg 300w, http:\/\/sklepchristiana.pl\/wp-content\/uploads\/2022\/04\/20211106_100844-768x346.jpg 768w, http:\/\/sklepchristiana.pl\/wp-content\/uploads\/2022\/04\/20211106_100844-1536x691.jpg 1536w, http:\/\/sklepchristiana.pl\/wp-content\/uploads\/2022\/04\/20211106_100844-2048x922.jpg 2048w\" sizes=\"auto, (max-width: 1024px) 100vw, 1024px\" \/><\/figure>\n<\/figure>\n\n\n\n<figure class=\"wp-block-gallery has-nested-images columns-default is-cropped wp-block-gallery-3 is-layout-flex wp-block-gallery-is-layout-flex\">\n<figure class=\"wp-block-image size-large\"><img loading=\"lazy\" decoding=\"async\" width=\"1024\" height=\"461\" data-id=\"652\" src=\"http:\/\/sklepchristiana.pl\/wp-content\/uploads\/2022\/04\/20211106_100849-1-1024x461.jpg\" alt=\"\" class=\"wp-image-652\" srcset=\"http:\/\/sklepchristiana.pl\/wp-content\/uploads\/2022\/04\/20211106_100849-1-1024x461.jpg 1024w, http:\/\/sklepchristiana.pl\/wp-content\/uploads\/2022\/04\/20211106_100849-1-300x135.jpg 300w, http:\/\/sklepchristiana.pl\/wp-content\/uploads\/2022\/04\/20211106_100849-1-768x346.jpg 768w, http:\/\/sklepchristiana.pl\/wp-content\/uploads\/2022\/04\/20211106_100849-1-1536x691.jpg 1536w, http:\/\/sklepchristiana.pl\/wp-content\/uploads\/2022\/04\/20211106_100849-1-2048x922.jpg 2048w\" sizes=\"auto, (max-width: 1024px) 100vw, 1024px\" \/><\/figure>\n<\/figure>\n\n\n\n<figure class=\"wp-block-gallery has-nested-images columns-default is-cropped wp-block-gallery-4 is-layout-flex wp-block-gallery-is-layout-flex\">\n<figure class=\"wp-block-image size-large\"><img loading=\"lazy\" decoding=\"async\" width=\"1024\" height=\"461\" data-id=\"653\" src=\"http:\/\/sklepchristiana.pl\/wp-content\/uploads\/2022\/04\/20211106_100855-1-1024x461.jpg\" alt=\"\" class=\"wp-image-653\" srcset=\"http:\/\/sklepchristiana.pl\/wp-content\/uploads\/2022\/04\/20211106_100855-1-1024x461.jpg 1024w, http:\/\/sklepchristiana.pl\/wp-content\/uploads\/2022\/04\/20211106_100855-1-300x135.jpg 300w, http:\/\/sklepchristiana.pl\/wp-content\/uploads\/2022\/04\/20211106_100855-1-768x346.jpg 768w, http:\/\/sklepchristiana.pl\/wp-content\/uploads\/2022\/04\/20211106_100855-1-1536x691.jpg 1536w, http:\/\/sklepchristiana.pl\/wp-content\/uploads\/2022\/04\/20211106_100855-1-2048x922.jpg 2048w\" sizes=\"auto, (max-width: 1024px) 100vw, 1024px\" \/><\/figure>\n<\/figure>\n\n\n\n<figure class=\"wp-block-gallery has-nested-images columns-default is-cropped wp-block-gallery-5 is-layout-flex wp-block-gallery-is-layout-flex\">\n<figure class=\"wp-block-image size-large\"><img loading=\"lazy\" decoding=\"async\" width=\"528\" height=\"1024\" data-id=\"654\" src=\"http:\/\/sklepchristiana.pl\/wp-content\/uploads\/2022\/04\/20211106_100820-1-528x1024.jpg\" alt=\"\" class=\"wp-image-654\" srcset=\"http:\/\/sklepchristiana.pl\/wp-content\/uploads\/2022\/04\/20211106_100820-1-528x1024.jpg 528w, http:\/\/sklepchristiana.pl\/wp-content\/uploads\/2022\/04\/20211106_100820-1-155x300.jpg 155w, http:\/\/sklepchristiana.pl\/wp-content\/uploads\/2022\/04\/20211106_100820-1-768x1489.jpg 768w, http:\/\/sklepchristiana.pl\/wp-content\/uploads\/2022\/04\/20211106_100820-1-792x1536.jpg 792w, http:\/\/sklepchristiana.pl\/wp-content\/uploads\/2022\/04\/20211106_100820-1-1056x2048.jpg 1056w, http:\/\/sklepchristiana.pl\/wp-content\/uploads\/2022\/04\/20211106_100820-1-scaled.jpg 1320w\" sizes=\"auto, (max-width: 528px) 100vw, 528px\" \/><\/figure>\n<\/figure>\n","protected":false},"excerpt":{"rendered":"<p>W sprzeda\u017cy kalendarze: jednokartkowe katolickie plakatowe biurkowe zdzierane G\u00f3ry, Bukiety , Krajobrazy terminarze z Edycji Pauli\u0144skiej kieszonkowe<\/p>\n","protected":false},"author":1,"featured_media":0,"parent":152,"menu_order":0,"comment_status":"closed","ping_status":"closed","template":"","meta":{"footnotes":""},"class_list":["post-46","page","type-page","status-publish","hentry"],"_links":{"self":[{"href":"http:\/\/sklepchristiana.pl\/index.php?rest_route=\/wp\/v2\/pages\/46","targetHints":{"allow":["GET"]}}],"collection":[{"href":"http:\/\/sklepchristiana.pl\/index.php?rest_route=\/wp\/v2\/pages"}],"about":[{"href":"http:\/\/sklepchristiana.pl\/index.php?rest_route=\/wp\/v2\/types\/page"}],"author":[{"embeddable":true,"href":"http:\/\/sklepchristiana.pl\/index.php?rest_route=\/wp\/v2\/users\/1"}],"replies":[{"embeddable":true,"href":"http:\/\/sklepchristiana.pl\/index.php?rest_route=%2Fwp%2Fv2%2Fcomments&post=46"}],"version-history":[{"count":4,"href":"http:\/\/sklepchristiana.pl\/index.php?rest_route=\/wp\/v2\/pages\/46\/revisions"}],"predecessor-version":[{"id":656,"href":"http:\/\/sklepchristiana.pl\/index.php?rest_route=\/wp\/v2\/pages\/46\/revisions\/656"}],"up":[{"embeddable":true,"href":"http:\/\/sklepchristiana.pl\/index.php?rest_route=\/wp\/v2\/pages\/152"}],"wp:attachment":[{"href":"http:\/\/sklepchristiana.pl\/index.php?rest_route=%2Fwp%2Fv2%2Fmedia&parent=46"}],"curies":[{"name":"wp","href":"https:\/\/api.w.org\/{rel}","templated":true}]}}