{"id":59,"date":"2020-02-25T08:58:16","date_gmt":"2020-02-25T07:58:16","guid":{"rendered":"http:\/\/sklepchristiana.pl\/?page_id=59"},"modified":"2022-04-22T13:59:21","modified_gmt":"2022-04-22T11:59:21","slug":"artykuly-dekoracyjne","status":"publish","type":"page","link":"http:\/\/sklepchristiana.pl\/?page_id=59","title":{"rendered":"\u00a0OBRAZKI SREBRZONE"},"content":{"rendered":"\n<p>Oferujemy srebrzone obrazki do postawienia lub zawieszenia.<\/p>\n\n\n\n<p>Szeroki wyb\u00f3r wizerunk\u00f3w pozwoli na dopasowanie na r\u00f3\u017cne okazje:\u00a0<br>&#8211;\u00a0 Chrzest<br>&#8211;\u00a0 Narodziny\u00a0<br>&#8211;\u00a0 I Komuni\u0119 \u015awi\u0119t\u0105\u00a0<br>&#8211;\u00a0 Bierzmowanie\u00a0<br>&#8211;\u00a0 \u015alub\u00a0<br>&#8211;\u00a0 Rocznic\u0119 \u015alubu\u00a0<br>&#8211;\u00a0 Urodziny<\/p>\n\n\n\n<p>Obrazki posrebrzane wykonane z blaszki aluminium i srebra osadzone na kawa\u0142ku lakierowanego drewna. Zewn\u0119trza, srebrna warstwa obrazka pokryta jest specjalnym lakierem kt\u00f3ry zabezpiecza produkt dzi\u0119ki czemu nie traci po\u0142ysku. Prezentuj\u0105 si\u0119 przepi\u0119knie.<\/p>\n\n\n\n<figure class=\"wp-block-gallery has-nested-images columns-default is-cropped wp-block-gallery-1 is-layout-flex wp-block-gallery-is-layout-flex\">\n<figure class=\"wp-block-image size-large\"><img loading=\"lazy\" decoding=\"async\" width=\"951\" height=\"1024\" data-id=\"444\" src=\"http:\/\/sklepchristiana.pl\/wp-content\/uploads\/2022\/04\/20210413_134058-951x1024.jpg\" alt=\"\" class=\"wp-image-444\" srcset=\"http:\/\/sklepchristiana.pl\/wp-content\/uploads\/2022\/04\/20210413_134058-951x1024.jpg 951w, http:\/\/sklepchristiana.pl\/wp-content\/uploads\/2022\/04\/20210413_134058-279x300.jpg 279w, http:\/\/sklepchristiana.pl\/wp-content\/uploads\/2022\/04\/20210413_134058-768x827.jpg 768w, http:\/\/sklepchristiana.pl\/wp-content\/uploads\/2022\/04\/20210413_134058-1426x1536.jpg 1426w, http:\/\/sklepchristiana.pl\/wp-content\/uploads\/2022\/04\/20210413_134058.jpg 1778w\" sizes=\"auto, (max-width: 951px) 100vw, 951px\" \/><\/figure>\n\n\n\n<figure class=\"wp-block-image size-large\"><img loading=\"lazy\" decoding=\"async\" width=\"715\" height=\"1024\" data-id=\"449\" src=\"http:\/\/sklepchristiana.pl\/wp-content\/uploads\/2022\/04\/20220320_093702-715x1024.jpg\" alt=\"\" class=\"wp-image-449\" srcset=\"http:\/\/sklepchristiana.pl\/wp-content\/uploads\/2022\/04\/20220320_093702-715x1024.jpg 715w, http:\/\/sklepchristiana.pl\/wp-content\/uploads\/2022\/04\/20220320_093702-209x300.jpg 209w, http:\/\/sklepchristiana.pl\/wp-content\/uploads\/2022\/04\/20220320_093702-768x1100.jpg 768w, http:\/\/sklepchristiana.pl\/wp-content\/uploads\/2022\/04\/20220320_093702-1072x1536.jpg 1072w, http:\/\/sklepchristiana.pl\/wp-content\/uploads\/2022\/04\/20220320_093702-1430x2048.jpg 1430w, http:\/\/sklepchristiana.pl\/wp-content\/uploads\/2022\/04\/20220320_093702-scaled.jpg 1787w\" sizes=\"auto, (max-width: 715px) 100vw, 715px\" \/><\/figure>\n\n\n\n<figure class=\"wp-block-image size-large\"><img loading=\"lazy\" decoding=\"async\" width=\"612\" height=\"1024\" data-id=\"448\" src=\"http:\/\/sklepchristiana.pl\/wp-content\/uploads\/2022\/04\/20220320_093715-612x1024.jpg\" alt=\"\" class=\"wp-image-448\" srcset=\"http:\/\/sklepchristiana.pl\/wp-content\/uploads\/2022\/04\/20220320_093715-612x1024.jpg 612w, http:\/\/sklepchristiana.pl\/wp-content\/uploads\/2022\/04\/20220320_093715-179x300.jpg 179w, http:\/\/sklepchristiana.pl\/wp-content\/uploads\/2022\/04\/20220320_093715-768x1284.jpg 768w, http:\/\/sklepchristiana.pl\/wp-content\/uploads\/2022\/04\/20220320_093715-919x1536.jpg 919w, http:\/\/sklepchristiana.pl\/wp-content\/uploads\/2022\/04\/20220320_093715-1225x2048.jpg 1225w, http:\/\/sklepchristiana.pl\/wp-content\/uploads\/2022\/04\/20220320_093715-scaled.jpg 1531w\" sizes=\"auto, (max-width: 612px) 100vw, 612px\" \/><\/figure>\n\n\n\n<figure class=\"wp-block-image size-large\"><img loading=\"lazy\" decoding=\"async\" width=\"854\" height=\"1024\" data-id=\"447\" src=\"http:\/\/sklepchristiana.pl\/wp-content\/uploads\/2022\/04\/20220320_093827-854x1024.jpg\" alt=\"\" class=\"wp-image-447\" srcset=\"http:\/\/sklepchristiana.pl\/wp-content\/uploads\/2022\/04\/20220320_093827-854x1024.jpg 854w, http:\/\/sklepchristiana.pl\/wp-content\/uploads\/2022\/04\/20220320_093827-250x300.jpg 250w, http:\/\/sklepchristiana.pl\/wp-content\/uploads\/2022\/04\/20220320_093827-768x921.jpg 768w, http:\/\/sklepchristiana.pl\/wp-content\/uploads\/2022\/04\/20220320_093827-1281x1536.jpg 1281w, http:\/\/sklepchristiana.pl\/wp-content\/uploads\/2022\/04\/20220320_093827-1708x2048.jpg 1708w, http:\/\/sklepchristiana.pl\/wp-content\/uploads\/2022\/04\/20220320_093827.jpg 1800w\" sizes=\"auto, (max-width: 854px) 100vw, 854px\" \/><\/figure>\n\n\n\n<figure class=\"wp-block-image size-large\"><img loading=\"lazy\" decoding=\"async\" width=\"1024\" height=\"461\" data-id=\"446\" src=\"http:\/\/sklepchristiana.pl\/wp-content\/uploads\/2022\/04\/20220320_093859-1024x461.jpg\" alt=\"\" class=\"wp-image-446\" srcset=\"http:\/\/sklepchristiana.pl\/wp-content\/uploads\/2022\/04\/20220320_093859-1024x461.jpg 1024w, http:\/\/sklepchristiana.pl\/wp-content\/uploads\/2022\/04\/20220320_093859-300x135.jpg 300w, http:\/\/sklepchristiana.pl\/wp-content\/uploads\/2022\/04\/20220320_093859-768x346.jpg 768w, http:\/\/sklepchristiana.pl\/wp-content\/uploads\/2022\/04\/20220320_093859-1536x691.jpg 1536w, http:\/\/sklepchristiana.pl\/wp-content\/uploads\/2022\/04\/20220320_093859-2048x922.jpg 2048w\" sizes=\"auto, (max-width: 1024px) 100vw, 1024px\" \/><\/figure>\n\n\n\n<figure class=\"wp-block-image size-large\"><img loading=\"lazy\" decoding=\"async\" width=\"1024\" height=\"602\" data-id=\"445\" src=\"http:\/\/sklepchristiana.pl\/wp-content\/uploads\/2022\/04\/20220320_093913-1024x602.jpg\" alt=\"\" class=\"wp-image-445\" srcset=\"http:\/\/sklepchristiana.pl\/wp-content\/uploads\/2022\/04\/20220320_093913-1024x602.jpg 1024w, http:\/\/sklepchristiana.pl\/wp-content\/uploads\/2022\/04\/20220320_093913-300x176.jpg 300w, http:\/\/sklepchristiana.pl\/wp-content\/uploads\/2022\/04\/20220320_093913-768x452.jpg 768w, http:\/\/sklepchristiana.pl\/wp-content\/uploads\/2022\/04\/20220320_093913-1536x903.jpg 1536w, http:\/\/sklepchristiana.pl\/wp-content\/uploads\/2022\/04\/20220320_093913-2048x1204.jpg 2048w\" sizes=\"auto, (max-width: 1024px) 100vw, 1024px\" \/><\/figure>\n\n\n\n<figure class=\"wp-block-image size-large\"><img loading=\"lazy\" decoding=\"async\" width=\"679\" height=\"1024\" data-id=\"452\" src=\"http:\/\/sklepchristiana.pl\/wp-content\/uploads\/2022\/04\/Screenshot_20220321-132209_Chrome-679x1024.jpg\" alt=\"\" class=\"wp-image-452\" srcset=\"http:\/\/sklepchristiana.pl\/wp-content\/uploads\/2022\/04\/Screenshot_20220321-132209_Chrome-679x1024.jpg 679w, http:\/\/sklepchristiana.pl\/wp-content\/uploads\/2022\/04\/Screenshot_20220321-132209_Chrome-199x300.jpg 199w, http:\/\/sklepchristiana.pl\/wp-content\/uploads\/2022\/04\/Screenshot_20220321-132209_Chrome-768x1159.jpg 768w, http:\/\/sklepchristiana.pl\/wp-content\/uploads\/2022\/04\/Screenshot_20220321-132209_Chrome.jpg 906w\" sizes=\"auto, (max-width: 679px) 100vw, 679px\" \/><\/figure>\n\n\n\n<figure class=\"wp-block-image size-large\"><img loading=\"lazy\" decoding=\"async\" width=\"816\" height=\"826\" data-id=\"453\" src=\"http:\/\/sklepchristiana.pl\/wp-content\/uploads\/2022\/04\/Screenshot_20220321-132310_Google.jpg\" alt=\"\" class=\"wp-image-453\" srcset=\"http:\/\/sklepchristiana.pl\/wp-content\/uploads\/2022\/04\/Screenshot_20220321-132310_Google.jpg 816w, http:\/\/sklepchristiana.pl\/wp-content\/uploads\/2022\/04\/Screenshot_20220321-132310_Google-296x300.jpg 296w, http:\/\/sklepchristiana.pl\/wp-content\/uploads\/2022\/04\/Screenshot_20220321-132310_Google-768x777.jpg 768w\" sizes=\"auto, (max-width: 816px) 100vw, 816px\" \/><\/figure>\n\n\n\n<figure class=\"wp-block-image size-large\"><img loading=\"lazy\" decoding=\"async\" width=\"812\" height=\"836\" data-id=\"454\" src=\"http:\/\/sklepchristiana.pl\/wp-content\/uploads\/2022\/04\/Screenshot_20220321-132323_Google.jpg\" alt=\"\" class=\"wp-image-454\" srcset=\"http:\/\/sklepchristiana.pl\/wp-content\/uploads\/2022\/04\/Screenshot_20220321-132323_Google.jpg 812w, http:\/\/sklepchristiana.pl\/wp-content\/uploads\/2022\/04\/Screenshot_20220321-132323_Google-291x300.jpg 291w, http:\/\/sklepchristiana.pl\/wp-content\/uploads\/2022\/04\/Screenshot_20220321-132323_Google-768x791.jpg 768w\" sizes=\"auto, (max-width: 812px) 100vw, 812px\" \/><\/figure>\n\n\n\n<figure class=\"wp-block-image size-large\"><img loading=\"lazy\" decoding=\"async\" width=\"874\" height=\"845\" data-id=\"455\" src=\"http:\/\/sklepchristiana.pl\/wp-content\/uploads\/2022\/04\/Screenshot_20220321-132337_Google.jpg\" alt=\"\" class=\"wp-image-455\" srcset=\"http:\/\/sklepchristiana.pl\/wp-content\/uploads\/2022\/04\/Screenshot_20220321-132337_Google.jpg 874w, http:\/\/sklepchristiana.pl\/wp-content\/uploads\/2022\/04\/Screenshot_20220321-132337_Google-300x290.jpg 300w, http:\/\/sklepchristiana.pl\/wp-content\/uploads\/2022\/04\/Screenshot_20220321-132337_Google-768x743.jpg 768w\" sizes=\"auto, (max-width: 874px) 100vw, 874px\" \/><\/figure>\n\n\n\n<figure class=\"wp-block-image size-large\"><img loading=\"lazy\" decoding=\"async\" width=\"522\" height=\"1024\" data-id=\"456\" src=\"http:\/\/sklepchristiana.pl\/wp-content\/uploads\/2022\/04\/Screenshot_20220321-132348_Google-522x1024.jpg\" alt=\"\" class=\"wp-image-456\" srcset=\"http:\/\/sklepchristiana.pl\/wp-content\/uploads\/2022\/04\/Screenshot_20220321-132348_Google-522x1024.jpg 522w, http:\/\/sklepchristiana.pl\/wp-content\/uploads\/2022\/04\/Screenshot_20220321-132348_Google-153x300.jpg 153w, http:\/\/sklepchristiana.pl\/wp-content\/uploads\/2022\/04\/Screenshot_20220321-132348_Google-768x1507.jpg 768w, http:\/\/sklepchristiana.pl\/wp-content\/uploads\/2022\/04\/Screenshot_20220321-132348_Google-783x1536.jpg 783w, http:\/\/sklepchristiana.pl\/wp-content\/uploads\/2022\/04\/Screenshot_20220321-132348_Google.jpg 795w\" sizes=\"auto, (max-width: 522px) 100vw, 522px\" \/><\/figure>\n\n\n\n<figure class=\"wp-block-image size-large\"><img loading=\"lazy\" decoding=\"async\" width=\"462\" height=\"934\" data-id=\"457\" src=\"http:\/\/sklepchristiana.pl\/wp-content\/uploads\/2022\/04\/Screenshot_20220321-132437_Google.jpg\" alt=\"\" class=\"wp-image-457\" srcset=\"http:\/\/sklepchristiana.pl\/wp-content\/uploads\/2022\/04\/Screenshot_20220321-132437_Google.jpg 462w, http:\/\/sklepchristiana.pl\/wp-content\/uploads\/2022\/04\/Screenshot_20220321-132437_Google-148x300.jpg 148w\" sizes=\"auto, (max-width: 462px) 100vw, 462px\" \/><\/figure>\n\n\n\n<figure class=\"wp-block-image size-large\"><img loading=\"lazy\" decoding=\"async\" width=\"763\" height=\"1024\" data-id=\"459\" src=\"http:\/\/sklepchristiana.pl\/wp-content\/uploads\/2022\/04\/Screenshot_20220321-132501_Google-763x1024.jpg\" alt=\"\" class=\"wp-image-459\" srcset=\"http:\/\/sklepchristiana.pl\/wp-content\/uploads\/2022\/04\/Screenshot_20220321-132501_Google-763x1024.jpg 763w, http:\/\/sklepchristiana.pl\/wp-content\/uploads\/2022\/04\/Screenshot_20220321-132501_Google-224x300.jpg 224w, http:\/\/sklepchristiana.pl\/wp-content\/uploads\/2022\/04\/Screenshot_20220321-132501_Google-768x1030.jpg 768w, http:\/\/sklepchristiana.pl\/wp-content\/uploads\/2022\/04\/Screenshot_20220321-132501_Google.jpg 920w\" sizes=\"auto, (max-width: 763px) 100vw, 763px\" \/><\/figure>\n\n\n\n<figure class=\"wp-block-image size-large\"><img loading=\"lazy\" decoding=\"async\" width=\"470\" height=\"933\" data-id=\"458\" src=\"http:\/\/sklepchristiana.pl\/wp-content\/uploads\/2022\/04\/Screenshot_20220321-132511_Google.jpg\" alt=\"\" class=\"wp-image-458\" srcset=\"http:\/\/sklepchristiana.pl\/wp-content\/uploads\/2022\/04\/Screenshot_20220321-132511_Google.jpg 470w, http:\/\/sklepchristiana.pl\/wp-content\/uploads\/2022\/04\/Screenshot_20220321-132511_Google-151x300.jpg 151w\" sizes=\"auto, (max-width: 470px) 100vw, 470px\" \/><\/figure>\n\n\n\n<figure class=\"wp-block-image size-large\"><img loading=\"lazy\" decoding=\"async\" width=\"505\" height=\"1024\" data-id=\"460\" src=\"http:\/\/sklepchristiana.pl\/wp-content\/uploads\/2022\/04\/Screenshot_20220321-132545_Google-505x1024.jpg\" alt=\"\" class=\"wp-image-460\" srcset=\"http:\/\/sklepchristiana.pl\/wp-content\/uploads\/2022\/04\/Screenshot_20220321-132545_Google-505x1024.jpg 505w, http:\/\/sklepchristiana.pl\/wp-content\/uploads\/2022\/04\/Screenshot_20220321-132545_Google-148x300.jpg 148w, http:\/\/sklepchristiana.pl\/wp-content\/uploads\/2022\/04\/Screenshot_20220321-132545_Google.jpg 704w\" sizes=\"auto, (max-width: 505px) 100vw, 505px\" \/><\/figure>\n\n\n\n<figure class=\"wp-block-image size-large\"><img loading=\"lazy\" decoding=\"async\" width=\"886\" height=\"557\" data-id=\"462\" src=\"http:\/\/sklepchristiana.pl\/wp-content\/uploads\/2022\/04\/Screenshot_20220321-133258_Chrome.jpg\" alt=\"\" class=\"wp-image-462\" srcset=\"http:\/\/sklepchristiana.pl\/wp-content\/uploads\/2022\/04\/Screenshot_20220321-133258_Chrome.jpg 886w, http:\/\/sklepchristiana.pl\/wp-content\/uploads\/2022\/04\/Screenshot_20220321-133258_Chrome-300x189.jpg 300w, http:\/\/sklepchristiana.pl\/wp-content\/uploads\/2022\/04\/Screenshot_20220321-133258_Chrome-768x483.jpg 768w\" sizes=\"auto, (max-width: 886px) 100vw, 886px\" \/><\/figure>\n\n\n\n<figure class=\"wp-block-image size-large\"><img loading=\"lazy\" decoding=\"async\" width=\"518\" height=\"885\" data-id=\"461\" src=\"http:\/\/sklepchristiana.pl\/wp-content\/uploads\/2022\/04\/Screenshot_20220321-133314_Chrome.jpg\" alt=\"\" class=\"wp-image-461\" srcset=\"http:\/\/sklepchristiana.pl\/wp-content\/uploads\/2022\/04\/Screenshot_20220321-133314_Chrome.jpg 518w, http:\/\/sklepchristiana.pl\/wp-content\/uploads\/2022\/04\/Screenshot_20220321-133314_Chrome-176x300.jpg 176w\" sizes=\"auto, (max-width: 518px) 100vw, 518px\" \/><\/figure>\n\n\n\n<figure class=\"wp-block-image size-large\"><img loading=\"lazy\" decoding=\"async\" width=\"643\" height=\"899\" data-id=\"463\" src=\"http:\/\/sklepchristiana.pl\/wp-content\/uploads\/2022\/04\/Screenshot_20220321-133338_Chrome.jpg\" alt=\"\" class=\"wp-image-463\" srcset=\"http:\/\/sklepchristiana.pl\/wp-content\/uploads\/2022\/04\/Screenshot_20220321-133338_Chrome.jpg 643w, http:\/\/sklepchristiana.pl\/wp-content\/uploads\/2022\/04\/Screenshot_20220321-133338_Chrome-215x300.jpg 215w\" sizes=\"auto, (max-width: 643px) 100vw, 643px\" \/><\/figure>\n\n\n\n<figure class=\"wp-block-image size-large\"><img loading=\"lazy\" decoding=\"async\" width=\"849\" height=\"934\" data-id=\"464\" src=\"http:\/\/sklepchristiana.pl\/wp-content\/uploads\/2022\/04\/Screenshot_20220321-133502_Chrome.jpg\" alt=\"\" class=\"wp-image-464\" srcset=\"http:\/\/sklepchristiana.pl\/wp-content\/uploads\/2022\/04\/Screenshot_20220321-133502_Chrome.jpg 849w, http:\/\/sklepchristiana.pl\/wp-content\/uploads\/2022\/04\/Screenshot_20220321-133502_Chrome-273x300.jpg 273w, http:\/\/sklepchristiana.pl\/wp-content\/uploads\/2022\/04\/Screenshot_20220321-133502_Chrome-768x845.jpg 768w\" sizes=\"auto, (max-width: 849px) 100vw, 849px\" \/><\/figure>\n\n\n\n<figure class=\"wp-block-image size-large\"><img loading=\"lazy\" decoding=\"async\" width=\"1024\" height=\"482\" data-id=\"465\" src=\"http:\/\/sklepchristiana.pl\/wp-content\/uploads\/2022\/04\/Screenshot_20220321-133544_Chrome-1024x482.jpg\" alt=\"\" class=\"wp-image-465\" srcset=\"http:\/\/sklepchristiana.pl\/wp-content\/uploads\/2022\/04\/Screenshot_20220321-133544_Chrome-1024x482.jpg 1024w, http:\/\/sklepchristiana.pl\/wp-content\/uploads\/2022\/04\/Screenshot_20220321-133544_Chrome-300x141.jpg 300w, http:\/\/sklepchristiana.pl\/wp-content\/uploads\/2022\/04\/Screenshot_20220321-133544_Chrome-768x362.jpg 768w, http:\/\/sklepchristiana.pl\/wp-content\/uploads\/2022\/04\/Screenshot_20220321-133544_Chrome.jpg 1064w\" sizes=\"auto, (max-width: 1024px) 100vw, 1024px\" \/><\/figure>\n\n\n\n<figure class=\"wp-block-image size-large\"><img loading=\"lazy\" decoding=\"async\" width=\"1024\" height=\"865\" data-id=\"466\" src=\"http:\/\/sklepchristiana.pl\/wp-content\/uploads\/2022\/04\/Screenshot_20220321-133645_Chrome-1024x865.jpg\" alt=\"\" class=\"wp-image-466\" srcset=\"http:\/\/sklepchristiana.pl\/wp-content\/uploads\/2022\/04\/Screenshot_20220321-133645_Chrome-1024x865.jpg 1024w, http:\/\/sklepchristiana.pl\/wp-content\/uploads\/2022\/04\/Screenshot_20220321-133645_Chrome-300x253.jpg 300w, http:\/\/sklepchristiana.pl\/wp-content\/uploads\/2022\/04\/Screenshot_20220321-133645_Chrome-768x649.jpg 768w, http:\/\/sklepchristiana.pl\/wp-content\/uploads\/2022\/04\/Screenshot_20220321-133645_Chrome.jpg 1044w\" sizes=\"auto, (max-width: 1024px) 100vw, 1024px\" \/><\/figure>\n\n\n\n<figure class=\"wp-block-image size-large\"><img loading=\"lazy\" decoding=\"async\" width=\"1024\" height=\"661\" data-id=\"468\" src=\"http:\/\/sklepchristiana.pl\/wp-content\/uploads\/2022\/04\/Screenshot_20220321-133818_Chrome-1024x661.jpg\" alt=\"\" class=\"wp-image-468\" srcset=\"http:\/\/sklepchristiana.pl\/wp-content\/uploads\/2022\/04\/Screenshot_20220321-133818_Chrome-1024x661.jpg 1024w, http:\/\/sklepchristiana.pl\/wp-content\/uploads\/2022\/04\/Screenshot_20220321-133818_Chrome-300x194.jpg 300w, http:\/\/sklepchristiana.pl\/wp-content\/uploads\/2022\/04\/Screenshot_20220321-133818_Chrome-768x496.jpg 768w, http:\/\/sklepchristiana.pl\/wp-content\/uploads\/2022\/04\/Screenshot_20220321-133818_Chrome.jpg 1080w\" sizes=\"auto, (max-width: 1024px) 100vw, 1024px\" \/><\/figure>\n\n\n\n<figure class=\"wp-block-image size-large\"><img loading=\"lazy\" decoding=\"async\" width=\"1007\" height=\"1024\" data-id=\"467\" src=\"http:\/\/sklepchristiana.pl\/wp-content\/uploads\/2022\/04\/Screenshot_20220321-133829_Chrome-1007x1024.jpg\" alt=\"\" class=\"wp-image-467\" srcset=\"http:\/\/sklepchristiana.pl\/wp-content\/uploads\/2022\/04\/Screenshot_20220321-133829_Chrome-1007x1024.jpg 1007w, http:\/\/sklepchristiana.pl\/wp-content\/uploads\/2022\/04\/Screenshot_20220321-133829_Chrome-295x300.jpg 295w, http:\/\/sklepchristiana.pl\/wp-content\/uploads\/2022\/04\/Screenshot_20220321-133829_Chrome-768x781.jpg 768w, http:\/\/sklepchristiana.pl\/wp-content\/uploads\/2022\/04\/Screenshot_20220321-133829_Chrome.jpg 1015w\" sizes=\"auto, (max-width: 1007px) 100vw, 1007px\" \/><\/figure>\n\n\n\n<figure class=\"wp-block-image size-large\"><img loading=\"lazy\" decoding=\"async\" width=\"1024\" height=\"671\" data-id=\"469\" src=\"http:\/\/sklepchristiana.pl\/wp-content\/uploads\/2022\/04\/Screenshot_20220321-134140_Chrome-1024x671.jpg\" alt=\"\" class=\"wp-image-469\" srcset=\"http:\/\/sklepchristiana.pl\/wp-content\/uploads\/2022\/04\/Screenshot_20220321-134140_Chrome-1024x671.jpg 1024w, http:\/\/sklepchristiana.pl\/wp-content\/uploads\/2022\/04\/Screenshot_20220321-134140_Chrome-300x197.jpg 300w, http:\/\/sklepchristiana.pl\/wp-content\/uploads\/2022\/04\/Screenshot_20220321-134140_Chrome-768x503.jpg 768w, http:\/\/sklepchristiana.pl\/wp-content\/uploads\/2022\/04\/Screenshot_20220321-134140_Chrome.jpg 1080w\" sizes=\"auto, (max-width: 1024px) 100vw, 1024px\" \/><\/figure>\n<\/figure>\n\n\n\n<figure class=\"wp-block-gallery has-nested-images columns-default is-cropped wp-block-gallery-2 is-layout-flex wp-block-gallery-is-layout-flex\">\n<figure class=\"wp-block-image size-large\"><img loading=\"lazy\" decoding=\"async\" width=\"461\" height=\"1024\" data-id=\"473\" src=\"http:\/\/sklepchristiana.pl\/wp-content\/uploads\/2022\/04\/20220320_093947-1-461x1024.jpg\" alt=\"\" class=\"wp-image-473\" srcset=\"http:\/\/sklepchristiana.pl\/wp-content\/uploads\/2022\/04\/20220320_093947-1-461x1024.jpg 461w, http:\/\/sklepchristiana.pl\/wp-content\/uploads\/2022\/04\/20220320_093947-1-135x300.jpg 135w, http:\/\/sklepchristiana.pl\/wp-content\/uploads\/2022\/04\/20220320_093947-1-768x1707.jpg 768w, http:\/\/sklepchristiana.pl\/wp-content\/uploads\/2022\/04\/20220320_093947-1-691x1536.jpg 691w, http:\/\/sklepchristiana.pl\/wp-content\/uploads\/2022\/04\/20220320_093947-1-922x2048.jpg 922w, http:\/\/sklepchristiana.pl\/wp-content\/uploads\/2022\/04\/20220320_093947-1-scaled.jpg 1152w\" sizes=\"auto, (max-width: 461px) 100vw, 461px\" \/><\/figure>\n\n\n\n<figure class=\"wp-block-image size-large\"><img loading=\"lazy\" decoding=\"async\" width=\"466\" height=\"1024\" data-id=\"472\" src=\"http:\/\/sklepchristiana.pl\/wp-content\/uploads\/2022\/04\/20220320_093953-1-466x1024.jpg\" alt=\"\" class=\"wp-image-472\" srcset=\"http:\/\/sklepchristiana.pl\/wp-content\/uploads\/2022\/04\/20220320_093953-1-466x1024.jpg 466w, http:\/\/sklepchristiana.pl\/wp-content\/uploads\/2022\/04\/20220320_093953-1-137x300.jpg 137w, http:\/\/sklepchristiana.pl\/wp-content\/uploads\/2022\/04\/20220320_093953-1-768x1686.jpg 768w, http:\/\/sklepchristiana.pl\/wp-content\/uploads\/2022\/04\/20220320_093953-1-700x1536.jpg 700w, http:\/\/sklepchristiana.pl\/wp-content\/uploads\/2022\/04\/20220320_093953-1-933x2048.jpg 933w, http:\/\/sklepchristiana.pl\/wp-content\/uploads\/2022\/04\/20220320_093953-1-scaled.jpg 1166w\" sizes=\"auto, (max-width: 466px) 100vw, 466px\" \/><\/figure>\n<\/figure>\n","protected":false},"excerpt":{"rendered":"<p>Oferujemy srebrzone obrazki do postawienia lub zawieszenia. Szeroki wyb\u00f3r wizerunk\u00f3w pozwoli na dopasowanie na r\u00f3\u017cne okazje:\u00a0&#8211;\u00a0 Chrzest&#8211;\u00a0 Narodziny\u00a0&#8211;\u00a0 I Komuni\u0119 \u015awi\u0119t\u0105\u00a0&#8211;\u00a0 Bierzmowanie\u00a0&#8211;\u00a0 \u015alub\u00a0&#8211;\u00a0 Rocznic\u0119 \u015alubu\u00a0&#8211;\u00a0 Urodziny Obrazki posrebrzane wykonane z blaszki aluminium i srebra osadzone na kawa\u0142ku lakierowanego drewna. Zewn\u0119trza, srebrna warstwa obrazka pokryta jest specjalnym lakierem kt\u00f3ry zabezpiecza produkt dzi\u0119ki czemu nie traci po\u0142ysku. &hellip; <a href=\"http:\/\/sklepchristiana.pl\/?page_id=59\" class=\"more-link\">Czytaj dalej <span class=\"screen-reader-text\">\u00a0OBRAZKI SREBRZONE<\/span> <span class=\"meta-nav\">&rarr;<\/span><\/a><\/p>\n","protected":false},"author":1,"featured_media":0,"parent":152,"menu_order":0,"comment_status":"closed","ping_status":"closed","template":"","meta":{"footnotes":""},"class_list":["post-59","page","type-page","status-publish","hentry"],"_links":{"self":[{"href":"http:\/\/sklepchristiana.pl\/index.php?rest_route=\/wp\/v2\/pages\/59","targetHints":{"allow":["GET"]}}],"collection":[{"href":"http:\/\/sklepchristiana.pl\/index.php?rest_route=\/wp\/v2\/pages"}],"about":[{"href":"http:\/\/sklepchristiana.pl\/index.php?rest_route=\/wp\/v2\/types\/page"}],"author":[{"embeddable":true,"href":"http:\/\/sklepchristiana.pl\/index.php?rest_route=\/wp\/v2\/users\/1"}],"replies":[{"embeddable":true,"href":"http:\/\/sklepchristiana.pl\/index.php?rest_route=%2Fwp%2Fv2%2Fcomments&post=59"}],"version-history":[{"count":5,"href":"http:\/\/sklepchristiana.pl\/index.php?rest_route=\/wp\/v2\/pages\/59\/revisions"}],"predecessor-version":[{"id":474,"href":"http:\/\/sklepchristiana.pl\/index.php?rest_route=\/wp\/v2\/pages\/59\/revisions\/474"}],"up":[{"embeddable":true,"href":"http:\/\/sklepchristiana.pl\/index.php?rest_route=\/wp\/v2\/pages\/152"}],"wp:attachment":[{"href":"http:\/\/sklepchristiana.pl\/index.php?rest_route=%2Fwp%2Fv2%2Fmedia&parent=59"}],"curies":[{"name":"wp","href":"https:\/\/api.w.org\/{rel}","templated":true}]}}